{"id":1592,"date":"2025-07-15T14:11:26","date_gmt":"2025-07-15T14:11:26","guid":{"rendered":"https:\/\/greenscape-project.eu\/?page_id=1592"},"modified":"2026-04-20T10:32:51","modified_gmt":"2026-04-20T10:32:51","slug":"escaperoom","status":"publish","type":"page","link":"https:\/\/greenscape-project.eu\/fi\/escaperoom\/","title":{"rendered":"Teoreettinen viitekehys koulutuksellisen virtuaalisen pakohuonekokemuksen muokkaamiseksi"},"content":{"rendered":"<div data-elementor-type=\"wp-post\" data-elementor-id=\"1592\" class=\"elementor elementor-1592\">\n\t\t\t\t<div class=\"elementor-element elementor-element-36e4911 e-flex e-con-boxed e-con e-parent\" data-id=\"36e4911\" data-element_type=\"container\" data-e-type=\"container\" data-settings=\"{&quot;background_background&quot;:&quot;classic&quot;}\">\n\t\t\t\t\t<div class=\"e-con-inner\">\n\t\t<div class=\"elementor-element elementor-element-8d332cf e-con-full e-flex e-con e-child\" data-id=\"8d332cf\" data-element_type=\"container\" data-e-type=\"container\">\n\t\t\t\t<div class=\"elementor-element elementor-element-4bf79de elementor-widget elementor-widget-heading\" data-id=\"4bf79de\" data-element_type=\"widget\" data-e-type=\"widget\" data-widget_type=\"heading.default\">\n\t\t\t\t<div class=\"elementor-widget-container\">\n\t\t\t\t\t<h3 class=\"elementor-heading-title elementor-size-default\">\nTeoreettinen viitekehys koulutuksellisen virtuaalisen pakohuonekokemuksen muokkaamiseksi<\/h3>\t\t\t\t<\/div>\n\t\t\t\t<\/div>\n\t\t\t\t<\/div>\n\t\t\t\t\t<\/div>\n\t\t\t\t<\/div>\n\t\t<div class=\"elementor-element elementor-element-49f58bc e-flex e-con-boxed e-con e-parent\" data-id=\"49f58bc\" data-element_type=\"container\" data-e-type=\"container\" data-settings=\"{&quot;background_background&quot;:&quot;classic&quot;}\">\n\t\t\t\t\t<div class=\"e-con-inner\">\n\t\t\t\t<div class=\"elementor-element elementor-element-0a01202 elementor-widget elementor-widget-spacer\" data-id=\"0a01202\" data-element_type=\"widget\" data-e-type=\"widget\" data-widget_type=\"spacer.default\">\n\t\t\t\t<div class=\"elementor-widget-container\">\n\t\t\t\t\t\t\t<div class=\"elementor-spacer\">\n\t\t\t<div class=\"elementor-spacer-inner\"><\/div>\n\t\t<\/div>\n\t\t\t\t\t\t<\/div>\n\t\t\t\t<\/div>\n\t\t\t\t<div class=\"elementor-element elementor-element-22f9b9c elementor-widget elementor-widget-text-editor\" data-id=\"22f9b9c\" data-element_type=\"widget\" data-e-type=\"widget\" data-widget_type=\"text-editor.default\">\n\t\t\t\t<div class=\"elementor-widget-container\">\n\t\t\t\t\t\t\t\t\t<p>T\u00e4m\u00e4 viitekehys hahmottelee GreenScape-Virtuaalisen Pakohuoneen kehitt\u00e4mist\u00e4 ohjaavat koulutukselliset, pedagogiset ja tekniset periaatteet. Se yhdist\u00e4\u00e4 aivoriihi-istunnoista, kirjallisuuskatsauksesta ja kumppaneiden asiantuntemuksesta saadut oivallukset. Viitekehys m\u00e4\u00e4rittelee oppimistavoitteet, tavoitellut osaamisalueet, kerronnan rakenteen ja arviointistrategiat. Se toimii suunnitelmana, joka varmistaa, ett\u00e4 pakohuone on kiinnostava, osallistava ja yhdenmukainen eurooppalaisten nuorten tavoitteiden ja ilmasto-oikeuden teemojen kanssa.<\/p>\t\t\t\t\t\t\t\t<\/div>\n\t\t\t\t<\/div>\n\t\t\t\t<div class=\"elementor-element elementor-element-1a900df elementor-widget elementor-widget-text-editor\" data-id=\"1a900df\" data-element_type=\"widget\" data-e-type=\"widget\" data-widget_type=\"text-editor.default\">\n\t\t\t\t<div class=\"elementor-widget-container\">\n\t\t\t\t\t\t\t\t\t<ul><li><strong><a href=\"https:\/\/greenscape-project.eu\/wp-content\/uploads\/2025\/07\/Theoretical-Framework-en.pdf\">Teoreettinen viitekehys koulutuksellisen virtuaalisen pakohuonekokemuksen muokkaamiseksi (Englanti)<\/a><\/strong><\/li><li><strong><a href=\"https:\/\/greenscape-project.eu\/wp-content\/uploads\/2025\/07\/Theoritical-Framework_GREEK.pdf\">Teoreettinen viitekehys koulutuksellisen virtuaalisen pakohuonekokemuksen muokkaamiseksi (Kreikka)<\/a><\/strong><\/li><li><strong><a href=\"https:\/\/greenscape-project.eu\/wp-content\/uploads\/2025\/07\/Theoretical-Framework.-fi.pdf\">Teoreettinen viitekehys koulutuksellisen virtuaalisen pakohuonekokemuksen muokkaamiseksi (Suomi)<\/a><\/strong><\/li><li><strong><a href=\"https:\/\/greenscape-project.eu\/wp-content\/uploads\/2025\/07\/Template-Theoretical-Framework-cz.pdf\">Teoreettinen viitekehys koulutuksellisen virtuaalisen pakohuonekokemuksen muokkaamiseksi  (T\u0161ekki)<\/a><\/strong><\/li><li><strong><a href=\"https:\/\/greenscape-project.eu\/wp-content\/uploads\/2025\/07\/Theoretical-Framework-BG.pdf.pdf\">Teoreettinen viitekehys koulutuksellisen virtuaalisen pakohuonekokemuksen muokkaamiseksi  (Bulgaria)<\/a><\/strong><\/li><li><strong><a href=\"https:\/\/greenscape-project.eu\/wp-content\/uploads\/2025\/07\/Marco-Teorico-GreenScape.pdf\">Teoreettinen viitekehys koulutuksellisen virtuaalisen pakohuonekokemuksen muokkaamiseksi (Espanja)<\/a><\/strong><\/li><\/ul>\t\t\t\t\t\t\t\t<\/div>\n\t\t\t\t<\/div>\n\t\t\t\t\t<\/div>\n\t\t\t\t<\/div>\n\t\t<div class=\"elementor-element elementor-element-6670865 e-con-full e-flex e-con e-parent\" data-id=\"6670865\" data-element_type=\"container\" data-e-type=\"container\" data-settings=\"{&quot;background_background&quot;:&quot;classic&quot;}\">\n\t\t\t\t<div class=\"elementor-element elementor-element-b9919cc elementor-widget elementor-widget-spacer\" data-id=\"b9919cc\" data-element_type=\"widget\" data-e-type=\"widget\" data-widget_type=\"spacer.default\">\n\t\t\t\t<div class=\"elementor-widget-container\">\n\t\t\t\t\t\t\t<div class=\"elementor-spacer\">\n\t\t\t<div class=\"elementor-spacer-inner\"><\/div>\n\t\t<\/div>\n\t\t\t\t\t\t<\/div>\n\t\t\t\t<\/div>\n\t\t\t\t<div class=\"elementor-element elementor-element-9d6c107 elementor-widget elementor-widget-image\" data-id=\"9d6c107\" data-element_type=\"widget\" data-e-type=\"widget\" data-widget_type=\"image.default\">\n\t\t\t\t<div class=\"elementor-widget-container\">\n\t\t\t\t\t\t\t\t\t\t\t\t\t\t\t<img fetchpriority=\"high\" decoding=\"async\" width=\"2048\" height=\"170\" src=\"https:\/\/greenscape-project.eu\/wp-content\/uploads\/2025\/07\/Image_28-5-25_at_4.39_PM-removebg-preview-1.jpg\" class=\"attachment-full size-full wp-image-2552\" alt=\"\" srcset=\"https:\/\/greenscape-project.eu\/wp-content\/uploads\/2025\/07\/Image_28-5-25_at_4.39_PM-removebg-preview-1.jpg 2048w, https:\/\/greenscape-project.eu\/wp-content\/uploads\/2025\/07\/Image_28-5-25_at_4.39_PM-removebg-preview-1-300x25.jpg 300w, https:\/\/greenscape-project.eu\/wp-content\/uploads\/2025\/07\/Image_28-5-25_at_4.39_PM-removebg-preview-1-1024x85.jpg 1024w, https:\/\/greenscape-project.eu\/wp-content\/uploads\/2025\/07\/Image_28-5-25_at_4.39_PM-removebg-preview-1-768x64.jpg 768w, https:\/\/greenscape-project.eu\/wp-content\/uploads\/2025\/07\/Image_28-5-25_at_4.39_PM-removebg-preview-1-1536x128.jpg 1536w\" sizes=\"(max-width: 2048px) 100vw, 2048px\" \/>\t\t\t\t\t\t\t\t\t\t\t\t\t\t\t<\/div>\n\t\t\t\t<\/div>\n\t\t\t\t<\/div>\n\t\t<div class=\"elementor-element elementor-element-a90163e e-con-full e-flex e-con e-parent\" data-id=\"a90163e\" data-element_type=\"container\" data-e-type=\"container\" data-settings=\"{&quot;background_background&quot;:&quot;classic&quot;}\">\n\t\t\t\t<div class=\"elementor-element elementor-element-75b9a22 elementor-widget elementor-widget-spacer\" data-id=\"75b9a22\" data-element_type=\"widget\" data-e-type=\"widget\" data-widget_type=\"spacer.default\">\n\t\t\t\t<div class=\"elementor-widget-container\">\n\t\t\t\t\t\t\t<div class=\"elementor-spacer\">\n\t\t\t<div class=\"elementor-spacer-inner\"><\/div>\n\t\t<\/div>\n\t\t\t\t\t\t<\/div>\n\t\t\t\t<\/div>\n\t\t\t\t<\/div>\n\t\t\t\t<\/div>","protected":false},"excerpt":{"rendered":"<p>Theoretical framework for shaping the educational virtual escape room experience This framework outlines the educational, pedagogical, and technical principles guiding the development of the GreenScape virtual escape room. It integrates insights from the brainstorming sessions, literature review, and partner expertise. The framework defines learning objectives, target competencies, narrative structure, and assessment strategies. It serves as [&hellip;]<\/p>\n","protected":false},"author":2,"featured_media":0,"parent":0,"menu_order":0,"comment_status":"closed","ping_status":"closed","template":"","meta":{"site-sidebar-layout":"no-sidebar","site-content-layout":"page-builder","ast-site-content-layout":"full-width-container","site-content-style":"unboxed","site-sidebar-style":"unboxed","ast-global-header-display":"","ast-banner-title-visibility":"","ast-main-header-display":"","ast-hfb-above-header-display":"","ast-hfb-below-header-display":"","ast-hfb-mobile-header-display":"","site-post-title":"disabled","ast-breadcrumbs-content":"","ast-featured-img":"disabled","footer-sml-layout":"","ast-disable-related-posts":"","theme-transparent-header-meta":"enabled","adv-header-id-meta":"","stick-header-meta":"","header-above-stick-meta":"","header-main-stick-meta":"","header-below-stick-meta":"","astra-migrate-meta-layouts":"set","ast-page-background-enabled":"default","ast-page-background-meta":{"desktop":{"background-color":"","background-image":"","background-repeat":"repeat","background-position":"center center","background-size":"auto","background-attachment":"scroll","background-type":"","background-media":"","overlay-type":"","overlay-color":"","overlay-opacity":"","overlay-gradient":""},"tablet":{"background-color":"","background-image":"","background-repeat":"repeat","background-position":"center center","background-size":"auto","background-attachment":"scroll","background-type":"","background-media":"","overlay-type":"","overlay-color":"","overlay-opacity":"","overlay-gradient":""},"mobile":{"background-color":"","background-image":"","background-repeat":"repeat","background-position":"center center","background-size":"auto","background-attachment":"scroll","background-type":"","background-media":"","overlay-type":"","overlay-color":"","overlay-opacity":"","overlay-gradient":""}},"ast-content-background-meta":{"desktop":{"background-color":"var(--ast-global-color-5)","background-image":"","background-repeat":"repeat","background-position":"center center","background-size":"auto","background-attachment":"scroll","background-type":"","background-media":"","overlay-type":"","overlay-color":"","overlay-opacity":"","overlay-gradient":""},"tablet":{"background-color":"var(--ast-global-color-5)","background-image":"","background-repeat":"repeat","background-position":"center center","background-size":"auto","background-attachment":"scroll","background-type":"","background-media":"","overlay-type":"","overlay-color":"","overlay-opacity":"","overlay-gradient":""},"mobile":{"background-color":"var(--ast-global-color-5)","background-image":"","background-repeat":"repeat","background-position":"center center","background-size":"auto","background-attachment":"scroll","background-type":"","background-media":"","overlay-type":"","overlay-color":"","overlay-opacity":"","overlay-gradient":""}},"footnotes":""},"class_list":["post-1592","page","type-page","status-publish","hentry"],"_links":{"self":[{"href":"https:\/\/greenscape-project.eu\/fi\/wp-json\/wp\/v2\/pages\/1592","targetHints":{"allow":["GET"]}}],"collection":[{"href":"https:\/\/greenscape-project.eu\/fi\/wp-json\/wp\/v2\/pages"}],"about":[{"href":"https:\/\/greenscape-project.eu\/fi\/wp-json\/wp\/v2\/types\/page"}],"author":[{"embeddable":true,"href":"https:\/\/greenscape-project.eu\/fi\/wp-json\/wp\/v2\/users\/2"}],"replies":[{"embeddable":true,"href":"https:\/\/greenscape-project.eu\/fi\/wp-json\/wp\/v2\/comments?post=1592"}],"version-history":[{"count":95,"href":"https:\/\/greenscape-project.eu\/fi\/wp-json\/wp\/v2\/pages\/1592\/revisions"}],"predecessor-version":[{"id":3756,"href":"https:\/\/greenscape-project.eu\/fi\/wp-json\/wp\/v2\/pages\/1592\/revisions\/3756"}],"wp:attachment":[{"href":"https:\/\/greenscape-project.eu\/fi\/wp-json\/wp\/v2\/media?parent=1592"}],"curies":[{"name":"wp","href":"https:\/\/api.w.org\/{rel}","templated":true}]}}