{"id":1586,"date":"2025-07-15T14:08:41","date_gmt":"2025-07-15T14:08:41","guid":{"rendered":"https:\/\/greenscape-project.eu\/?page_id=1586"},"modified":"2025-11-28T10:39:17","modified_gmt":"2025-11-28T10:39:17","slug":"review","status":"publish","type":"page","link":"https:\/\/greenscape-project.eu\/fi\/review\/","title":{"rendered":"Laaja kirjallisuuskatsausraportti Kirjallisuuskatsausraportti"},"content":{"rendered":"<div data-elementor-type=\"wp-post\" data-elementor-id=\"1586\" class=\"elementor elementor-1586\">\n\t\t\t\t<div class=\"elementor-element elementor-element-36e4911 e-flex e-con-boxed e-con e-parent\" data-id=\"36e4911\" data-element_type=\"container\" data-e-type=\"container\" data-settings=\"{&quot;background_background&quot;:&quot;classic&quot;}\">\n\t\t\t\t\t<div class=\"e-con-inner\">\n\t\t<div class=\"elementor-element elementor-element-8d332cf e-con-full e-flex e-con e-child\" data-id=\"8d332cf\" data-element_type=\"container\" data-e-type=\"container\">\n\t\t\t\t<div class=\"elementor-element elementor-element-4bf79de elementor-widget elementor-widget-heading\" data-id=\"4bf79de\" data-element_type=\"widget\" data-e-type=\"widget\" data-widget_type=\"heading.default\">\n\t\t\t\t<div class=\"elementor-widget-container\">\n\t\t\t\t\t<h2 class=\"elementor-heading-title elementor-size-default\">Laaja kirjallisuuskatsausraportti Kirjallisuuskatsausraportti<\/h2>\t\t\t\t<\/div>\n\t\t\t\t<\/div>\n\t\t\t\t<\/div>\n\t\t\t\t\t<\/div>\n\t\t\t\t<\/div>\n\t\t<div class=\"elementor-element elementor-element-ad9a332 e-flex e-con-boxed e-con e-parent\" data-id=\"ad9a332\" data-element_type=\"container\" data-e-type=\"container\">\n\t\t\t\t\t<div class=\"e-con-inner\">\n\t\t<div class=\"elementor-element elementor-element-348b3a1 e-con-full e-flex e-con e-child\" data-id=\"348b3a1\" data-element_type=\"container\" data-e-type=\"container\">\n\t\t\t\t<div class=\"elementor-element elementor-element-2a88981 elementor-widget elementor-widget-spacer\" data-id=\"2a88981\" data-element_type=\"widget\" data-e-type=\"widget\" data-widget_type=\"spacer.default\">\n\t\t\t\t<div class=\"elementor-widget-container\">\n\t\t\t\t\t\t\t<div class=\"elementor-spacer\">\n\t\t\t<div class=\"elementor-spacer-inner\"><\/div>\n\t\t<\/div>\n\t\t\t\t\t\t<\/div>\n\t\t\t\t<\/div>\n\t\t\t\t<div class=\"elementor-element elementor-element-6e0c00e elementor-widget elementor-widget-text-editor\" data-id=\"6e0c00e\" data-element_type=\"widget\" data-e-type=\"widget\" data-widget_type=\"text-editor.default\">\n\t\t\t\t<div class=\"elementor-widget-container\">\n\t\t\t\t\t\t\t\t\t<p>Laaja kirjallisuuskatsausraportti Kirjallisuuskatsausraportti esittelee perusteellisen analyysin olemassa olevasta tutkimuksesta, joka koskee koulutuksellisia pakohuoneita, ilmasto-oikeudenmukaisuuden koulutusta, nuorten osallistumista ja EU:n politiikan oppimista. Se perustuu akateemisiin tutkimuksiin, poliittisiin asiakirjoihin ja parhaimpiin k\u00e4yt\u00e4nt\u00f6ihin eri puolilla Eurooppaa. Kansainv\u00e4linen synteesi tarjoaa n\u00e4ytt\u00f6\u00f6n perustuvia suosituksia ja tunnistaa nykyisten menetelmien puutteet, muodostaen perustavanlaatuisen viitekehyksen GreenScapen koulutukselliselle l\u00e4hestymistavalle. Laaja kirjallisuuskatsausraportti<\/p>\t\t\t\t\t\t\t\t<\/div>\n\t\t\t\t<\/div>\n\t\t\t\t<div class=\"elementor-element elementor-element-badcf9c elementor-widget elementor-widget-text-editor\" data-id=\"badcf9c\" data-element_type=\"widget\" data-e-type=\"widget\" data-widget_type=\"text-editor.default\">\n\t\t\t\t<div class=\"elementor-widget-container\">\n\t\t\t\t\t\t\t\t\t<ul><li><a href=\"https:\/\/greenscape-project.eu\/wp-content\/uploads\/2025\/07\/Transnational-Report-_Extensive-Review-literature-1.pdf\"><strong>Laaja kirjallisuuskatsausraportti Kirjallisuuskatsausraportti<\/strong><\/a><\/li><\/ul>\t\t\t\t\t\t\t\t<\/div>\n\t\t\t\t<\/div>\n\t\t\t\t<\/div>\n\t\t\t\t\t<\/div>\n\t\t\t\t<\/div>\n\t\t<div class=\"elementor-element elementor-element-023c247 e-con-full e-flex e-con e-parent\" data-id=\"023c247\" data-element_type=\"container\" data-e-type=\"container\">\n\t\t\t\t<div class=\"elementor-element elementor-element-33287b6 elementor-widget elementor-widget-spacer\" data-id=\"33287b6\" data-element_type=\"widget\" data-e-type=\"widget\" data-widget_type=\"spacer.default\">\n\t\t\t\t<div class=\"elementor-widget-container\">\n\t\t\t\t\t\t\t<div class=\"elementor-spacer\">\n\t\t\t<div class=\"elementor-spacer-inner\"><\/div>\n\t\t<\/div>\n\t\t\t\t\t\t<\/div>\n\t\t\t\t<\/div>\n\t\t\t\t<div class=\"elementor-element elementor-element-ca786dd elementor-widget elementor-widget-image\" data-id=\"ca786dd\" data-element_type=\"widget\" data-e-type=\"widget\" data-widget_type=\"image.default\">\n\t\t\t\t<div class=\"elementor-widget-container\">\n\t\t\t\t\t\t\t\t\t\t\t\t\t\t\t<img fetchpriority=\"high\" decoding=\"async\" width=\"2048\" height=\"170\" src=\"https:\/\/greenscape-project.eu\/wp-content\/uploads\/2025\/07\/Image_28-5-25_at_4.39_PM-removebg-preview-1.jpg\" class=\"attachment-full size-full wp-image-2552\" alt=\"\" srcset=\"https:\/\/greenscape-project.eu\/wp-content\/uploads\/2025\/07\/Image_28-5-25_at_4.39_PM-removebg-preview-1.jpg 2048w, https:\/\/greenscape-project.eu\/wp-content\/uploads\/2025\/07\/Image_28-5-25_at_4.39_PM-removebg-preview-1-300x25.jpg 300w, https:\/\/greenscape-project.eu\/wp-content\/uploads\/2025\/07\/Image_28-5-25_at_4.39_PM-removebg-preview-1-1024x85.jpg 1024w, https:\/\/greenscape-project.eu\/wp-content\/uploads\/2025\/07\/Image_28-5-25_at_4.39_PM-removebg-preview-1-768x64.jpg 768w, https:\/\/greenscape-project.eu\/wp-content\/uploads\/2025\/07\/Image_28-5-25_at_4.39_PM-removebg-preview-1-1536x128.jpg 1536w\" sizes=\"(max-width: 2048px) 100vw, 2048px\" \/>\t\t\t\t\t\t\t\t\t\t\t\t\t\t\t<\/div>\n\t\t\t\t<\/div>\n\t\t\t\t<div class=\"elementor-element elementor-element-67d7ed2 elementor-widget elementor-widget-spacer\" data-id=\"67d7ed2\" data-element_type=\"widget\" data-e-type=\"widget\" data-widget_type=\"spacer.default\">\n\t\t\t\t<div class=\"elementor-widget-container\">\n\t\t\t\t\t\t\t<div class=\"elementor-spacer\">\n\t\t\t<div class=\"elementor-spacer-inner\"><\/div>\n\t\t<\/div>\n\t\t\t\t\t\t<\/div>\n\t\t\t\t<\/div>\n\t\t\t\t<\/div>\n\t\t\t\t<\/div>","protected":false},"excerpt":{"rendered":"<p>Extensive literature review report The literature review report presents an in-depth analysis of existing research on educational escape rooms, climate justice education, youth engagement, and EU policy learning. It draws from academic studies, policy documents, and best practices across Europe. The transnational synthesis offers evidence-based recommendations and identifies gaps in current methodologies, forming a foundational [&hellip;]<\/p>\n","protected":false},"author":2,"featured_media":0,"parent":0,"menu_order":0,"comment_status":"closed","ping_status":"closed","template":"","meta":{"site-sidebar-layout":"no-sidebar","site-content-layout":"page-builder","ast-site-content-layout":"full-width-container","site-content-style":"unboxed","site-sidebar-style":"unboxed","ast-global-header-display":"","ast-banner-title-visibility":"","ast-main-header-display":"","ast-hfb-above-header-display":"","ast-hfb-below-header-display":"","ast-hfb-mobile-header-display":"","site-post-title":"disabled","ast-breadcrumbs-content":"","ast-featured-img":"disabled","footer-sml-layout":"","ast-disable-related-posts":"","theme-transparent-header-meta":"enabled","adv-header-id-meta":"","stick-header-meta":"","header-above-stick-meta":"","header-main-stick-meta":"","header-below-stick-meta":"","astra-migrate-meta-layouts":"set","ast-page-background-enabled":"default","ast-page-background-meta":{"desktop":{"background-color":"","background-image":"","background-repeat":"repeat","background-position":"center center","background-size":"auto","background-attachment":"scroll","background-type":"","background-media":"","overlay-type":"","overlay-color":"","overlay-opacity":"","overlay-gradient":""},"tablet":{"background-color":"","background-image":"","background-repeat":"repeat","background-position":"center center","background-size":"auto","background-attachment":"scroll","background-type":"","background-media":"","overlay-type":"","overlay-color":"","overlay-opacity":"","overlay-gradient":""},"mobile":{"background-color":"","background-image":"","background-repeat":"repeat","background-position":"center center","background-size":"auto","background-attachment":"scroll","background-type":"","background-media":"","overlay-type":"","overlay-color":"","overlay-opacity":"","overlay-gradient":""}},"ast-content-background-meta":{"desktop":{"background-color":"var(--ast-global-color-5)","background-image":"","background-repeat":"repeat","background-position":"center center","background-size":"auto","background-attachment":"scroll","background-type":"","background-media":"","overlay-type":"","overlay-color":"","overlay-opacity":"","overlay-gradient":""},"tablet":{"background-color":"var(--ast-global-color-5)","background-image":"","background-repeat":"repeat","background-position":"center center","background-size":"auto","background-attachment":"scroll","background-type":"","background-media":"","overlay-type":"","overlay-color":"","overlay-opacity":"","overlay-gradient":""},"mobile":{"background-color":"var(--ast-global-color-5)","background-image":"","background-repeat":"repeat","background-position":"center center","background-size":"auto","background-attachment":"scroll","background-type":"","background-media":"","overlay-type":"","overlay-color":"","overlay-opacity":"","overlay-gradient":""}},"footnotes":""},"class_list":["post-1586","page","type-page","status-publish","hentry"],"_links":{"self":[{"href":"https:\/\/greenscape-project.eu\/fi\/wp-json\/wp\/v2\/pages\/1586","targetHints":{"allow":["GET"]}}],"collection":[{"href":"https:\/\/greenscape-project.eu\/fi\/wp-json\/wp\/v2\/pages"}],"about":[{"href":"https:\/\/greenscape-project.eu\/fi\/wp-json\/wp\/v2\/types\/page"}],"author":[{"embeddable":true,"href":"https:\/\/greenscape-project.eu\/fi\/wp-json\/wp\/v2\/users\/2"}],"replies":[{"embeddable":true,"href":"https:\/\/greenscape-project.eu\/fi\/wp-json\/wp\/v2\/comments?post=1586"}],"version-history":[{"count":61,"href":"https:\/\/greenscape-project.eu\/fi\/wp-json\/wp\/v2\/pages\/1586\/revisions"}],"predecessor-version":[{"id":3155,"href":"https:\/\/greenscape-project.eu\/fi\/wp-json\/wp\/v2\/pages\/1586\/revisions\/3155"}],"wp:attachment":[{"href":"https:\/\/greenscape-project.eu\/fi\/wp-json\/wp\/v2\/media?parent=1586"}],"curies":[{"name":"wp","href":"https:\/\/api.w.org\/{rel}","templated":true}]}}