{"id":543,"date":"2025-01-16T10:36:12","date_gmt":"2025-01-16T10:36:12","guid":{"rendered":"https:\/\/greenscape-project.eu\/projects\/"},"modified":"2026-03-20T14:37:03","modified_gmt":"2026-03-20T14:37:03","slug":"activities","status":"publish","type":"page","link":"https:\/\/greenscape-project.eu\/es\/activities\/","title":{"rendered":"Actividades del Proyecto"},"content":{"rendered":"<div data-elementor-type=\"wp-post\" data-elementor-id=\"543\" class=\"elementor elementor-543\">\n\t\t\t\t<div class=\"elementor-element elementor-element-36e4911 e-flex e-con-boxed e-con e-parent\" data-id=\"36e4911\" data-element_type=\"container\" data-e-type=\"container\" data-settings=\"{&quot;background_background&quot;:&quot;classic&quot;}\">\n\t\t\t\t\t<div class=\"e-con-inner\">\n\t\t<div class=\"elementor-element elementor-element-8d332cf e-con-full e-flex e-con e-child\" data-id=\"8d332cf\" data-element_type=\"container\" data-e-type=\"container\">\n\t\t\t\t<div class=\"elementor-element elementor-element-4bf79de elementor-widget elementor-widget-heading\" data-id=\"4bf79de\" data-element_type=\"widget\" data-e-type=\"widget\" data-widget_type=\"heading.default\">\n\t\t\t\t<div class=\"elementor-widget-container\">\n\t\t\t\t\t<h1 class=\"elementor-heading-title elementor-size-default\">Actividades del Proyecto\n<\/h1>\t\t\t\t<\/div>\n\t\t\t\t<\/div>\n\t\t\t\t<\/div>\n\t\t\t\t\t<\/div>\n\t\t\t\t<\/div>\n\t\t<div class=\"elementor-element elementor-element-9a74a05 e-flex e-con-boxed e-con e-parent\" data-id=\"9a74a05\" data-element_type=\"container\" data-e-type=\"container\" data-settings=\"{&quot;background_background&quot;:&quot;classic&quot;}\">\n\t\t\t\t\t<div class=\"e-con-inner\">\n\t\t\t\t<div class=\"elementor-element elementor-element-6590aaa elementor-widget elementor-widget-spacer\" data-id=\"6590aaa\" data-element_type=\"widget\" data-e-type=\"widget\" data-widget_type=\"spacer.default\">\n\t\t\t\t<div class=\"elementor-widget-container\">\n\t\t\t\t\t\t\t<div class=\"elementor-spacer\">\n\t\t\t<div class=\"elementor-spacer-inner\"><\/div>\n\t\t<\/div>\n\t\t\t\t\t\t<\/div>\n\t\t\t\t<\/div>\n\t\t\t\t\t<\/div>\n\t\t\t\t<\/div>\n\t\t<div class=\"elementor-element elementor-element-62eccd8 e-flex e-con-boxed e-con e-parent\" data-id=\"62eccd8\" data-element_type=\"container\" data-e-type=\"container\" data-settings=\"{&quot;background_background&quot;:&quot;classic&quot;}\">\n\t\t\t\t\t<div class=\"e-con-inner\">\n\t\t<div class=\"elementor-element elementor-element-efc2d20 e-con-full e-flex e-con e-child\" data-id=\"efc2d20\" data-element_type=\"container\" data-e-type=\"container\">\n\t\t\t\t<div class=\"elementor-element elementor-element-9cf6852 elementor-widget elementor-widget-heading\" data-id=\"9cf6852\" data-element_type=\"widget\" data-e-type=\"widget\" data-widget_type=\"heading.default\">\n\t\t\t\t<div class=\"elementor-widget-container\">\n\t\t\t\t\t<h2 class=\"elementor-heading-title elementor-size-default\">Actividades del Proyecto:<\/h2>\t\t\t\t<\/div>\n\t\t\t\t<\/div>\n\t\t\t\t<div class=\"elementor-element elementor-element-f27d385 elementor-widget elementor-widget-text-editor\" data-id=\"f27d385\" data-element_type=\"widget\" data-e-type=\"widget\" data-widget_type=\"text-editor.default\">\n\t\t\t\t<div class=\"elementor-widget-container\">\n\t\t\t\t\t\t\t\t\t<p><span style=\"font-style: inherit; text-align: var(--text-align);\">Las actividades del proyecto GreenScape se han dise\u00f1ado para interactuar con los j\u00f3venes en la sostenibilidad, la justicia clim\u00e1tica y el compromiso c\u00edvico mediante v\u00edas innovadoras:<\/span><\/p><ol><li>Focus Groups: Sesiones de introducci\u00f3n para describir los objetivos del proyecto y su relaci\u00f3n directa con el Objetivo 10 de la Juventud Europea, poniendo las bases para las actividades a desarrollar.<\/li><li>Marco metodol\u00f3gico de la Sala de Escape: Este marco se basa en el Objetivo Juvenil n.\u00ba 10 y estructura la experiencia educativa, integrando temas de participaci\u00f3n c\u00edvica y responsabilidad ambiental.<\/li><li>Contenido educativo sobre la toma de decisiones de la UE: Desarrollo de contenidos que presenten a los participantes los procesos de las instituciones de la UE, mejorando sus conocimientos sobre las pol\u00edticas.<\/li><li>GreenScape Room: Esta Escape Room inmersiva, llena de preguntas y retos, proporciona experiencias activas relacionadas con el compromiso c\u00edvico y la toma de decisiones een la UE.<\/li><li>El Debate de la Justicia Clim\u00e1tica en los J\u00f3venes: Un f\u00f3rum para que los j\u00f3venes dialoguen sobre su papel en la justicia clim\u00e1tica, impulsando el conocimiento y el compromiso para que realicen y se impliquen en acciones con el medio ambiente.<\/li><li>La Simulaci\u00f3n de la Toma de Decisiones en la UE: Una actividad de simulaci\u00f3n en tiempo real en la que los participantes interpretan roles y perfiles reales dentro de las entidades que toman decisiones en la UE, probando de forma directa las interacciones de la acci\u00f3n pol\u00edtica.<\/li><li>Pr\u00e1cticas Innovadoras en el Compromiso de la Juventud: Presentar estrategias de \u00e9xito para que la Juventud se implique en la sostenibilidad, reforzando las mejores pr\u00e1cticas e inspirando futuros logros en los temas medioambientales.<\/li><\/ol><p>\u00a0<\/p>\t\t\t\t\t\t\t\t<\/div>\n\t\t\t\t<\/div>\n\t\t\t\t<div class=\"elementor-element elementor-element-060bba8 elementor-widget elementor-widget-button\" data-id=\"060bba8\" data-element_type=\"widget\" data-e-type=\"widget\" data-widget_type=\"button.default\">\n\t\t\t\t<div class=\"elementor-widget-container\">\n\t\t\t\t\t\t\t\t\t<div class=\"elementor-button-wrapper\">\n\t\t\t\t\t<a class=\"elementor-button elementor-button-link elementor-size-sm\" href=\"https:\/\/greenscape-project.eu\/es\/guide-game\/\">\n\t\t\t\t\t\t<span class=\"elementor-button-content-wrapper\">\n\t\t\t\t\t\t\t\t\t<span class=\"elementor-button-text\">GU\u00cdA DEL JUEGO<\/span>\n\t\t\t\t\t<\/span>\n\t\t\t\t\t<\/a>\n\t\t\t\t<\/div>\n\t\t\t\t\t\t\t\t<\/div>\n\t\t\t\t<\/div>\n\t\t\t\t<div class=\"elementor-element elementor-element-f6f71df elementor-widget elementor-widget-button\" data-id=\"f6f71df\" data-element_type=\"widget\" data-e-type=\"widget\" data-widget_type=\"button.default\">\n\t\t\t\t<div class=\"elementor-widget-container\">\n\t\t\t\t\t\t\t\t\t<div class=\"elementor-button-wrapper\">\n\t\t\t\t\t<a class=\"elementor-button elementor-button-link elementor-size-sm\" href=\"https:\/\/greenscape-dhesaqbsbeh4hken.westeurope-01.azurewebsites.net\/\">\n\t\t\t\t\t\t<span class=\"elementor-button-content-wrapper\">\n\t\t\t\t\t\t\t\t\t<span class=\"elementor-button-text\">COMIENZA A JUGAR <\/span>\n\t\t\t\t\t<\/span>\n\t\t\t\t\t<\/a>\n\t\t\t\t<\/div>\n\t\t\t\t\t\t\t\t<\/div>\n\t\t\t\t<\/div>\n\t\t\t\t<\/div>\n\t\t\t\t\t<\/div>\n\t\t\t\t<\/div>\n\t\t<div class=\"elementor-element elementor-element-1f10f4b e-flex e-con-boxed e-con e-parent\" data-id=\"1f10f4b\" data-element_type=\"container\" data-e-type=\"container\" data-settings=\"{&quot;background_background&quot;:&quot;classic&quot;}\">\n\t\t\t\t\t<div class=\"e-con-inner\">\n\t\t\t\t<div class=\"elementor-element elementor-element-f75acd7 elementor-widget elementor-widget-spacer\" data-id=\"f75acd7\" data-element_type=\"widget\" data-e-type=\"widget\" data-widget_type=\"spacer.default\">\n\t\t\t\t<div class=\"elementor-widget-container\">\n\t\t\t\t\t\t\t<div class=\"elementor-spacer\">\n\t\t\t<div class=\"elementor-spacer-inner\"><\/div>\n\t\t<\/div>\n\t\t\t\t\t\t<\/div>\n\t\t\t\t<\/div>\n\t\t\t\t<div class=\"elementor-element elementor-element-8948884 elementor-widget elementor-widget-image\" data-id=\"8948884\" data-element_type=\"widget\" data-e-type=\"widget\" data-widget_type=\"image.default\">\n\t\t\t\t<div class=\"elementor-widget-container\">\n\t\t\t\t\t\t\t\t\t\t\t\t\t\t\t<img decoding=\"async\" src=\"https:\/\/greenscape-project.eu\/wp-content\/uploads\/2025\/07\/Image_28-5-25_at_4.39_PM-removebg-preview-1.jpg\" title=\"Image_28-5-25_at_4.39_PM-removebg-preview (1)\" alt=\"Image_28-5-25_at_4.39_PM-removebg-preview (1)\" loading=\"lazy\" \/>\t\t\t\t\t\t\t\t\t\t\t\t\t\t\t<\/div>\n\t\t\t\t<\/div>\n\t\t\t\t\t<\/div>\n\t\t\t\t<\/div>\n\t\t<div class=\"elementor-element elementor-element-eb5f144 e-flex e-con-boxed e-con e-parent\" data-id=\"eb5f144\" data-element_type=\"container\" data-e-type=\"container\" data-settings=\"{&quot;background_background&quot;:&quot;classic&quot;}\">\n\t\t\t\t\t<div class=\"e-con-inner\">\n\t\t\t\t<div class=\"elementor-element elementor-element-a06ebea elementor-widget elementor-widget-spacer\" data-id=\"a06ebea\" data-element_type=\"widget\" data-e-type=\"widget\" data-widget_type=\"spacer.default\">\n\t\t\t\t<div class=\"elementor-widget-container\">\n\t\t\t\t\t\t\t<div class=\"elementor-spacer\">\n\t\t\t<div class=\"elementor-spacer-inner\"><\/div>\n\t\t<\/div>\n\t\t\t\t\t\t<\/div>\n\t\t\t\t<\/div>\n\t\t\t\t\t<\/div>\n\t\t\t\t<\/div>\n\t\t\t\t<\/div>","protected":false},"excerpt":{"rendered":"<p>Project\u2019s Activities Project&#8217;s Activities The activities of the GreenScape project are designed to engage youth in sustainability, climate justice, and civic engagement in innovative ways: Focus Session: An introductory session outlines the project\u2019s goals and links to Youth Goal #10, laying the foundation for subsequent activities. Escape Room Methodological Framework: This framework is grounded in [&hellip;]<\/p>\n","protected":false},"author":2,"featured_media":0,"parent":0,"menu_order":0,"comment_status":"closed","ping_status":"closed","template":"","meta":{"site-sidebar-layout":"no-sidebar","site-content-layout":"page-builder","ast-site-content-layout":"full-width-container","site-content-style":"unboxed","site-sidebar-style":"unboxed","ast-global-header-display":"","ast-banner-title-visibility":"","ast-main-header-display":"","ast-hfb-above-header-display":"","ast-hfb-below-header-display":"","ast-hfb-mobile-header-display":"","site-post-title":"disabled","ast-breadcrumbs-content":"","ast-featured-img":"disabled","footer-sml-layout":"","ast-disable-related-posts":"","theme-transparent-header-meta":"enabled","adv-header-id-meta":"","stick-header-meta":"","header-above-stick-meta":"","header-main-stick-meta":"","header-below-stick-meta":"","astra-migrate-meta-layouts":"set","ast-page-background-enabled":"default","ast-page-background-meta":{"desktop":{"background-color":"","background-image":"","background-repeat":"repeat","background-position":"center center","background-size":"auto","background-attachment":"scroll","background-type":"","background-media":"","overlay-type":"","overlay-color":"","overlay-opacity":"","overlay-gradient":""},"tablet":{"background-color":"","background-image":"","background-repeat":"repeat","background-position":"center center","background-size":"auto","background-attachment":"scroll","background-type":"","background-media":"","overlay-type":"","overlay-color":"","overlay-opacity":"","overlay-gradient":""},"mobile":{"background-color":"","background-image":"","background-repeat":"repeat","background-position":"center center","background-size":"auto","background-attachment":"scroll","background-type":"","background-media":"","overlay-type":"","overlay-color":"","overlay-opacity":"","overlay-gradient":""}},"ast-content-background-meta":{"desktop":{"background-color":"var(--ast-global-color-5)","background-image":"","background-repeat":"repeat","background-position":"center center","background-size":"auto","background-attachment":"scroll","background-type":"","background-media":"","overlay-type":"","overlay-color":"","overlay-opacity":"","overlay-gradient":""},"tablet":{"background-color":"var(--ast-global-color-5)","background-image":"","background-repeat":"repeat","background-position":"center center","background-size":"auto","background-attachment":"scroll","background-type":"","background-media":"","overlay-type":"","overlay-color":"","overlay-opacity":"","overlay-gradient":""},"mobile":{"background-color":"var(--ast-global-color-5)","background-image":"","background-repeat":"repeat","background-position":"center center","background-size":"auto","background-attachment":"scroll","background-type":"","background-media":"","overlay-type":"","overlay-color":"","overlay-opacity":"","overlay-gradient":""}},"footnotes":""},"class_list":["post-543","page","type-page","status-publish","hentry"],"_links":{"self":[{"href":"https:\/\/greenscape-project.eu\/es\/wp-json\/wp\/v2\/pages\/543","targetHints":{"allow":["GET"]}}],"collection":[{"href":"https:\/\/greenscape-project.eu\/es\/wp-json\/wp\/v2\/pages"}],"about":[{"href":"https:\/\/greenscape-project.eu\/es\/wp-json\/wp\/v2\/types\/page"}],"author":[{"embeddable":true,"href":"https:\/\/greenscape-project.eu\/es\/wp-json\/wp\/v2\/users\/2"}],"replies":[{"embeddable":true,"href":"https:\/\/greenscape-project.eu\/es\/wp-json\/wp\/v2\/comments?post=543"}],"version-history":[{"count":106,"href":"https:\/\/greenscape-project.eu\/es\/wp-json\/wp\/v2\/pages\/543\/revisions"}],"predecessor-version":[{"id":3679,"href":"https:\/\/greenscape-project.eu\/es\/wp-json\/wp\/v2\/pages\/543\/revisions\/3679"}],"wp:attachment":[{"href":"https:\/\/greenscape-project.eu\/es\/wp-json\/wp\/v2\/media?parent=543"}],"curies":[{"name":"wp","href":"https:\/\/api.w.org\/{rel}","templated":true}]}}