{"id":1590,"date":"2025-07-15T14:12:24","date_gmt":"2025-07-15T14:12:24","guid":{"rendered":"https:\/\/greenscape-project.eu\/?page_id=1590"},"modified":"2025-11-28T10:36:27","modified_gmt":"2025-11-28T10:36:27","slug":"brainstoring","status":"publish","type":"page","link":"https:\/\/greenscape-project.eu\/es\/brainstoring\/","title":{"rendered":"Informe Amplio de la Literatura revisada"},"content":{"rendered":"<div data-elementor-type=\"wp-post\" data-elementor-id=\"1590\" class=\"elementor elementor-1590\">\n\t\t\t\t<div class=\"elementor-element elementor-element-36e4911 e-flex e-con-boxed e-con e-parent\" data-id=\"36e4911\" data-element_type=\"container\" data-e-type=\"container\" data-settings=\"{&quot;background_background&quot;:&quot;classic&quot;}\">\n\t\t\t\t\t<div class=\"e-con-inner\">\n\t\t<div class=\"elementor-element elementor-element-8d332cf e-con-full e-flex e-con e-child\" data-id=\"8d332cf\" data-element_type=\"container\" data-e-type=\"container\">\n\t\t\t\t<div class=\"elementor-element elementor-element-4bf79de elementor-widget elementor-widget-heading\" data-id=\"4bf79de\" data-element_type=\"widget\" data-e-type=\"widget\" data-widget_type=\"heading.default\">\n\t\t\t\t<div class=\"elementor-widget-container\">\n\t\t\t\t\t<h2 class=\"elementor-heading-title elementor-size-default\">Informe Transnacional de las sesiones de tormenta de ideas\n<\/h2>\t\t\t\t<\/div>\n\t\t\t\t<\/div>\n\t\t\t\t<\/div>\n\t\t\t\t\t<\/div>\n\t\t\t\t<\/div>\n\t\t<div class=\"elementor-element elementor-element-d8f52dd e-flex e-con-boxed e-con e-parent\" data-id=\"d8f52dd\" data-element_type=\"container\" data-e-type=\"container\">\n\t\t\t\t\t<div class=\"e-con-inner\">\n\t\t\t\t<div class=\"elementor-element elementor-element-89675c3 elementor-widget elementor-widget-spacer\" data-id=\"89675c3\" data-element_type=\"widget\" data-e-type=\"widget\" data-widget_type=\"spacer.default\">\n\t\t\t\t<div class=\"elementor-widget-container\">\n\t\t\t\t\t\t\t<div class=\"elementor-spacer\">\n\t\t\t<div class=\"elementor-spacer-inner\"><\/div>\n\t\t<\/div>\n\t\t\t\t\t\t<\/div>\n\t\t\t\t<\/div>\n\t\t<div class=\"elementor-element elementor-element-4a75172 e-con-full e-flex e-con e-child\" data-id=\"4a75172\" data-element_type=\"container\" data-e-type=\"container\">\n\t\t\t\t<div class=\"elementor-element elementor-element-7c51a80 elementor-widget elementor-widget-text-editor\" data-id=\"7c51a80\" data-element_type=\"widget\" data-e-type=\"widget\" data-widget_type=\"text-editor.default\">\n\t\t\t\t<div class=\"elementor-widget-container\">\n\t\t\t\t\t\t\t\t\t<p>Este informe re\u00fane las conclusiones de todas las sesiones nacionales de tormenta de ideas, y as\u00ed proporciona una visi\u00f3n comparativa de las expectativas de los j\u00f3venes de los diferentes pa\u00edses, sus preocupaciones por su medioambiente local, y sus m\u00e9todos educativos preferidos. De ese modo, el informe identifica los temas m\u00e1s frecuentes, las diferencias interculturales, y proporciona los datos significativos para dise\u00f1ar la Escape Room. El informe asegura que la experiencia con la Escape Room se fundamente en las aspiraciones y las necesidades reales de la Juventud Europea, ofreciendo as\u00ed una visi\u00f3n que es a la vez diversa y unificada.<\/p>\t\t\t\t\t\t\t\t<\/div>\n\t\t\t\t<\/div>\n\t\t\t\t<div class=\"elementor-element elementor-element-5a6215a elementor-widget elementor-widget-text-editor\" data-id=\"5a6215a\" data-element_type=\"widget\" data-e-type=\"widget\" data-widget_type=\"text-editor.default\">\n\t\t\t\t<div class=\"elementor-widget-container\">\n\t\t\t\t\t\t\t\t\t<ul><li><strong><a href=\"https:\/\/greenscape-project.eu\/wp-content\/uploads\/2025\/07\/Transnational-Report-Brainstorming-Sessions_Greenscape-.pdf\">Informe Transnacional de las Sesiones de Grupo Focal<\/a><\/strong><\/li><\/ul>\t\t\t\t\t\t\t\t<\/div>\n\t\t\t\t<\/div>\n\t\t\t\t<\/div>\n\t\t\t\t\t<\/div>\n\t\t\t\t<\/div>\n\t\t<div class=\"elementor-element elementor-element-96ede89 e-con-full e-flex e-con e-parent\" data-id=\"96ede89\" data-element_type=\"container\" data-e-type=\"container\">\n\t\t\t\t<div class=\"elementor-element elementor-element-329dbea elementor-widget elementor-widget-spacer\" data-id=\"329dbea\" data-element_type=\"widget\" data-e-type=\"widget\" data-widget_type=\"spacer.default\">\n\t\t\t\t<div class=\"elementor-widget-container\">\n\t\t\t\t\t\t\t<div class=\"elementor-spacer\">\n\t\t\t<div class=\"elementor-spacer-inner\"><\/div>\n\t\t<\/div>\n\t\t\t\t\t\t<\/div>\n\t\t\t\t<\/div>\n\t\t\t\t<div class=\"elementor-element elementor-element-6f959ad elementor-widget elementor-widget-image\" data-id=\"6f959ad\" data-element_type=\"widget\" data-e-type=\"widget\" data-widget_type=\"image.default\">\n\t\t\t\t<div class=\"elementor-widget-container\">\n\t\t\t\t\t\t\t\t\t\t\t\t\t\t\t<img fetchpriority=\"high\" decoding=\"async\" width=\"2048\" height=\"170\" src=\"https:\/\/greenscape-project.eu\/wp-content\/uploads\/2025\/07\/Image_28-5-25_at_4.39_PM-removebg-preview-1.jpg\" class=\"attachment-full size-full wp-image-2552\" alt=\"\" srcset=\"https:\/\/greenscape-project.eu\/wp-content\/uploads\/2025\/07\/Image_28-5-25_at_4.39_PM-removebg-preview-1.jpg 2048w, https:\/\/greenscape-project.eu\/wp-content\/uploads\/2025\/07\/Image_28-5-25_at_4.39_PM-removebg-preview-1-300x25.jpg 300w, https:\/\/greenscape-project.eu\/wp-content\/uploads\/2025\/07\/Image_28-5-25_at_4.39_PM-removebg-preview-1-1024x85.jpg 1024w, https:\/\/greenscape-project.eu\/wp-content\/uploads\/2025\/07\/Image_28-5-25_at_4.39_PM-removebg-preview-1-768x64.jpg 768w, https:\/\/greenscape-project.eu\/wp-content\/uploads\/2025\/07\/Image_28-5-25_at_4.39_PM-removebg-preview-1-1536x128.jpg 1536w\" sizes=\"(max-width: 2048px) 100vw, 2048px\" \/>\t\t\t\t\t\t\t\t\t\t\t\t\t\t\t<\/div>\n\t\t\t\t<\/div>\n\t\t\t\t<div class=\"elementor-element elementor-element-b031cf3 elementor-widget elementor-widget-spacer\" data-id=\"b031cf3\" data-element_type=\"widget\" data-e-type=\"widget\" data-widget_type=\"spacer.default\">\n\t\t\t\t<div class=\"elementor-widget-container\">\n\t\t\t\t\t\t\t<div class=\"elementor-spacer\">\n\t\t\t<div class=\"elementor-spacer-inner\"><\/div>\n\t\t<\/div>\n\t\t\t\t\t\t<\/div>\n\t\t\t\t<\/div>\n\t\t\t\t<\/div>\n\t\t\t\t<\/div>","protected":false},"excerpt":{"rendered":"<p>Transnational report of the brainstoring sessions This report consolidates insights from all national brainstorming sessions, providing a comparative overview of youth expectations, local environmental concerns, and preferred educational methods. It identifies recurring themes, cross-cultural differences, and actionable input for the escape room design. The report ensures that the escape room experience is grounded in real [&hellip;]<\/p>\n","protected":false},"author":2,"featured_media":0,"parent":0,"menu_order":0,"comment_status":"closed","ping_status":"closed","template":"","meta":{"site-sidebar-layout":"no-sidebar","site-content-layout":"page-builder","ast-site-content-layout":"full-width-container","site-content-style":"unboxed","site-sidebar-style":"unboxed","ast-global-header-display":"","ast-banner-title-visibility":"","ast-main-header-display":"","ast-hfb-above-header-display":"","ast-hfb-below-header-display":"","ast-hfb-mobile-header-display":"","site-post-title":"disabled","ast-breadcrumbs-content":"","ast-featured-img":"disabled","footer-sml-layout":"","ast-disable-related-posts":"","theme-transparent-header-meta":"enabled","adv-header-id-meta":"","stick-header-meta":"","header-above-stick-meta":"","header-main-stick-meta":"","header-below-stick-meta":"","astra-migrate-meta-layouts":"set","ast-page-background-enabled":"default","ast-page-background-meta":{"desktop":{"background-color":"","background-image":"","background-repeat":"repeat","background-position":"center center","background-size":"auto","background-attachment":"scroll","background-type":"","background-media":"","overlay-type":"","overlay-color":"","overlay-opacity":"","overlay-gradient":""},"tablet":{"background-color":"","background-image":"","background-repeat":"repeat","background-position":"center center","background-size":"auto","background-attachment":"scroll","background-type":"","background-media":"","overlay-type":"","overlay-color":"","overlay-opacity":"","overlay-gradient":""},"mobile":{"background-color":"","background-image":"","background-repeat":"repeat","background-position":"center center","background-size":"auto","background-attachment":"scroll","background-type":"","background-media":"","overlay-type":"","overlay-color":"","overlay-opacity":"","overlay-gradient":""}},"ast-content-background-meta":{"desktop":{"background-color":"var(--ast-global-color-5)","background-image":"","background-repeat":"repeat","background-position":"center center","background-size":"auto","background-attachment":"scroll","background-type":"","background-media":"","overlay-type":"","overlay-color":"","overlay-opacity":"","overlay-gradient":""},"tablet":{"background-color":"var(--ast-global-color-5)","background-image":"","background-repeat":"repeat","background-position":"center center","background-size":"auto","background-attachment":"scroll","background-type":"","background-media":"","overlay-type":"","overlay-color":"","overlay-opacity":"","overlay-gradient":""},"mobile":{"background-color":"var(--ast-global-color-5)","background-image":"","background-repeat":"repeat","background-position":"center center","background-size":"auto","background-attachment":"scroll","background-type":"","background-media":"","overlay-type":"","overlay-color":"","overlay-opacity":"","overlay-gradient":""}},"footnotes":""},"class_list":["post-1590","page","type-page","status-publish","hentry"],"_links":{"self":[{"href":"https:\/\/greenscape-project.eu\/es\/wp-json\/wp\/v2\/pages\/1590","targetHints":{"allow":["GET"]}}],"collection":[{"href":"https:\/\/greenscape-project.eu\/es\/wp-json\/wp\/v2\/pages"}],"about":[{"href":"https:\/\/greenscape-project.eu\/es\/wp-json\/wp\/v2\/types\/page"}],"author":[{"embeddable":true,"href":"https:\/\/greenscape-project.eu\/es\/wp-json\/wp\/v2\/users\/2"}],"replies":[{"embeddable":true,"href":"https:\/\/greenscape-project.eu\/es\/wp-json\/wp\/v2\/comments?post=1590"}],"version-history":[{"count":81,"href":"https:\/\/greenscape-project.eu\/es\/wp-json\/wp\/v2\/pages\/1590\/revisions"}],"predecessor-version":[{"id":3145,"href":"https:\/\/greenscape-project.eu\/es\/wp-json\/wp\/v2\/pages\/1590\/revisions\/3145"}],"wp:attachment":[{"href":"https:\/\/greenscape-project.eu\/es\/wp-json\/wp\/v2\/media?parent=1590"}],"curies":[{"name":"wp","href":"https:\/\/api.w.org\/{rel}","templated":true}]}}