{"id":1587,"date":"2025-07-15T14:10:07","date_gmt":"2025-07-15T14:10:07","guid":{"rendered":"https:\/\/greenscape-project.eu\/?page_id=1587"},"modified":"2025-11-28T10:40:43","modified_gmt":"2025-11-28T10:40:43","slug":"information","status":"publish","type":"page","link":"https:\/\/greenscape-project.eu\/es\/information\/","title":{"rendered":"Reuniones Focus Group programadas en los pa\u00edses de los socios participantes"},"content":{"rendered":"<div data-elementor-type=\"wp-post\" data-elementor-id=\"1587\" class=\"elementor elementor-1587\">\n\t\t\t\t<div class=\"elementor-element elementor-element-36e4911 e-flex e-con-boxed e-con e-parent\" data-id=\"36e4911\" data-element_type=\"container\" data-e-type=\"container\" data-settings=\"{&quot;background_background&quot;:&quot;classic&quot;}\">\n\t\t\t\t\t<div class=\"e-con-inner\">\n\t\t<div class=\"elementor-element elementor-element-8d332cf e-con-full e-flex e-con e-child\" data-id=\"8d332cf\" data-element_type=\"container\" data-e-type=\"container\">\n\t\t\t\t<div class=\"elementor-element elementor-element-4bf79de elementor-widget elementor-widget-heading\" data-id=\"4bf79de\" data-element_type=\"widget\" data-e-type=\"widget\" data-widget_type=\"heading.default\">\n\t\t\t\t<div class=\"elementor-widget-container\">\n\t\t\t\t\t<h3 class=\"elementor-heading-title elementor-size-default\">Desbloqueando el Compromiso C\u00edvico de los J\u00f3venes con un Futuro Sostenible: GreenScape<\/h3>\t\t\t\t<\/div>\n\t\t\t\t<\/div>\n\t\t\t\t<\/div>\n\t\t\t\t\t<\/div>\n\t\t\t\t<\/div>\n\t\t<div class=\"elementor-element elementor-element-05971dc e-flex e-con-boxed e-con e-parent\" data-id=\"05971dc\" data-element_type=\"container\" data-e-type=\"container\">\n\t\t\t\t\t<div class=\"e-con-inner\">\n\t\t<div class=\"elementor-element elementor-element-c3e8ac8 e-con-full e-flex e-con e-child\" data-id=\"c3e8ac8\" data-element_type=\"container\" data-e-type=\"container\">\n\t\t\t\t<div class=\"elementor-element elementor-element-ed6580b elementor-widget elementor-widget-spacer\" data-id=\"ed6580b\" data-element_type=\"widget\" data-e-type=\"widget\" data-widget_type=\"spacer.default\">\n\t\t\t\t<div class=\"elementor-widget-container\">\n\t\t\t\t\t\t\t<div class=\"elementor-spacer\">\n\t\t\t<div class=\"elementor-spacer-inner\"><\/div>\n\t\t<\/div>\n\t\t\t\t\t\t<\/div>\n\t\t\t\t<\/div>\n\t\t\t\t<div class=\"elementor-element elementor-element-5a64dc4 elementor-widget elementor-widget-text-editor\" data-id=\"5a64dc4\" data-element_type=\"widget\" data-e-type=\"widget\" data-widget_type=\"text-editor.default\">\n\t\t\t\t<div class=\"elementor-widget-container\">\n\t\t\t\t\t\t\t\t\t<p>En cada pa\u00eds participante, se realizaron sesiones nacionales de tormenta de ideas para conseguir perspectivas diversas de los j\u00f3venes sobre sostenibilidad, participaci\u00f3n c\u00edvica y preferencias de aprendizaje. Estas sesiones fueron compartidas por personas j\u00f3venes, educadores, trabajadores j\u00f3venes y grupos de inter\u00e9s para explorar sus expectativas e ideas sobre la Escape Room GreenScape. Los participantes elaboraron sobre los desaf\u00edos clave de la sostenibilidad, la relevancia de las pol\u00edticas de la Juventud de la UE, y sobre los m\u00e9todos eficaces de participaci\u00f3n motivante a trav\u00e9s de la gamificaci\u00f3n y la educaci\u00f3n no formal.<\/p>\t\t\t\t\t\t\t\t<\/div>\n\t\t\t\t<\/div>\n\t\t\t\t<div class=\"elementor-element elementor-element-5aac7dc elementor-widget elementor-widget-text-editor\" data-id=\"5aac7dc\" data-element_type=\"widget\" data-e-type=\"widget\" data-widget_type=\"text-editor.default\">\n\t\t\t\t<div class=\"elementor-widget-container\">\n\t\t\t\t\t\t\t\t\t<ul><li><a href=\"https:\/\/greenscape-project.eu\/wp-content\/uploads\/2025\/07\/Information-about-the-brainstorming-sessions-held-in-Czech-Republic.pdf\"><strong>Informe Nacional sobre las Sesiones de Grupo Programadas en la Rep\u00fablica Checa<\/strong><\/a><\/li><li><strong><a href=\"https:\/\/greenscape-project.eu\/wp-content\/uploads\/2025\/07\/Information-about-the-brainstorming-session-held-in-Bulgaria.pdf\">Informe Nacional sobre las Sesiones de Grupo Programadas en Bulgaria<\/a><\/strong><\/li><li><a href=\"https:\/\/greenscape-project.eu\/wp-content\/uploads\/2025\/07\/Information-about-the-brainstorming-session-held-in-Greece.pdf\"><strong>Informe Nacional sobre las Sesiones de Grupo Programadas en Grecia<\/strong><\/a><\/li><li><a href=\"https:\/\/greenscape-project.eu\/wp-content\/uploads\/2025\/07\/Information-about-the-brainstorming-session-held-in-Finland.pdf\"><strong>Informe Nacional sobre las Sesiones de Grupo Programadas en Finlandia<\/strong><\/a><\/li><li><a href=\"https:\/\/greenscape-project.eu\/wp-content\/uploads\/2025\/07\/Information-about-the-brainstorming-session-held-in-Spain.pdf\"><strong>Informe Nacional sobre las Sesiones de Grupo Programadas en Espa\u00f1a<\/strong><\/a><\/li><\/ul>\t\t\t\t\t\t\t\t<\/div>\n\t\t\t\t<\/div>\n\t\t\t\t<\/div>\n\t\t\t\t\t<\/div>\n\t\t\t\t<\/div>\n\t\t<div class=\"elementor-element elementor-element-364af1e e-con-full e-flex e-con e-parent\" data-id=\"364af1e\" data-element_type=\"container\" data-e-type=\"container\">\n\t\t\t\t<div class=\"elementor-element elementor-element-285064f elementor-widget elementor-widget-spacer\" data-id=\"285064f\" data-element_type=\"widget\" data-e-type=\"widget\" data-widget_type=\"spacer.default\">\n\t\t\t\t<div class=\"elementor-widget-container\">\n\t\t\t\t\t\t\t<div class=\"elementor-spacer\">\n\t\t\t<div class=\"elementor-spacer-inner\"><\/div>\n\t\t<\/div>\n\t\t\t\t\t\t<\/div>\n\t\t\t\t<\/div>\n\t\t\t\t<div class=\"elementor-element elementor-element-eeaa04d elementor-widget elementor-widget-image\" data-id=\"eeaa04d\" data-element_type=\"widget\" data-e-type=\"widget\" data-widget_type=\"image.default\">\n\t\t\t\t<div class=\"elementor-widget-container\">\n\t\t\t\t\t\t\t\t\t\t\t\t\t\t\t<img fetchpriority=\"high\" decoding=\"async\" width=\"2048\" height=\"170\" src=\"https:\/\/greenscape-project.eu\/wp-content\/uploads\/2025\/07\/Image_28-5-25_at_4.39_PM-removebg-preview-1.jpg\" class=\"attachment-full size-full wp-image-2552\" alt=\"\" srcset=\"https:\/\/greenscape-project.eu\/wp-content\/uploads\/2025\/07\/Image_28-5-25_at_4.39_PM-removebg-preview-1.jpg 2048w, https:\/\/greenscape-project.eu\/wp-content\/uploads\/2025\/07\/Image_28-5-25_at_4.39_PM-removebg-preview-1-300x25.jpg 300w, https:\/\/greenscape-project.eu\/wp-content\/uploads\/2025\/07\/Image_28-5-25_at_4.39_PM-removebg-preview-1-1024x85.jpg 1024w, https:\/\/greenscape-project.eu\/wp-content\/uploads\/2025\/07\/Image_28-5-25_at_4.39_PM-removebg-preview-1-768x64.jpg 768w, https:\/\/greenscape-project.eu\/wp-content\/uploads\/2025\/07\/Image_28-5-25_at_4.39_PM-removebg-preview-1-1536x128.jpg 1536w\" sizes=\"(max-width: 2048px) 100vw, 2048px\" \/>\t\t\t\t\t\t\t\t\t\t\t\t\t\t\t<\/div>\n\t\t\t\t<\/div>\n\t\t\t\t<div class=\"elementor-element elementor-element-ab01b98 elementor-widget elementor-widget-spacer\" data-id=\"ab01b98\" data-element_type=\"widget\" data-e-type=\"widget\" data-widget_type=\"spacer.default\">\n\t\t\t\t<div class=\"elementor-widget-container\">\n\t\t\t\t\t\t\t<div class=\"elementor-spacer\">\n\t\t\t<div class=\"elementor-spacer-inner\"><\/div>\n\t\t<\/div>\n\t\t\t\t\t\t<\/div>\n\t\t\t\t<\/div>\n\t\t\t\t<\/div>\n\t\t\t\t<\/div>","protected":false},"excerpt":{"rendered":"<p>Unlocking Youth Civic Engagement for a Sustainable Future &#8211; GreenSpace In each participating country, national brainstorming sessions were organized to gather diverse youth perspectives on sustainability, civic engagement, and learning preferences. These sessions brought together young people, educators, youth workers, and stakeholders to explore expectations and ideas for the GreenScape escape room. Participants discussed key [&hellip;]<\/p>\n","protected":false},"author":2,"featured_media":0,"parent":0,"menu_order":0,"comment_status":"closed","ping_status":"closed","template":"","meta":{"site-sidebar-layout":"no-sidebar","site-content-layout":"page-builder","ast-site-content-layout":"full-width-container","site-content-style":"unboxed","site-sidebar-style":"unboxed","ast-global-header-display":"","ast-banner-title-visibility":"","ast-main-header-display":"","ast-hfb-above-header-display":"","ast-hfb-below-header-display":"","ast-hfb-mobile-header-display":"","site-post-title":"disabled","ast-breadcrumbs-content":"","ast-featured-img":"disabled","footer-sml-layout":"","ast-disable-related-posts":"","theme-transparent-header-meta":"enabled","adv-header-id-meta":"","stick-header-meta":"","header-above-stick-meta":"","header-main-stick-meta":"","header-below-stick-meta":"","astra-migrate-meta-layouts":"set","ast-page-background-enabled":"default","ast-page-background-meta":{"desktop":{"background-color":"","background-image":"","background-repeat":"repeat","background-position":"center center","background-size":"auto","background-attachment":"scroll","background-type":"","background-media":"","overlay-type":"","overlay-color":"","overlay-opacity":"","overlay-gradient":""},"tablet":{"background-color":"","background-image":"","background-repeat":"repeat","background-position":"center center","background-size":"auto","background-attachment":"scroll","background-type":"","background-media":"","overlay-type":"","overlay-color":"","overlay-opacity":"","overlay-gradient":""},"mobile":{"background-color":"","background-image":"","background-repeat":"repeat","background-position":"center center","background-size":"auto","background-attachment":"scroll","background-type":"","background-media":"","overlay-type":"","overlay-color":"","overlay-opacity":"","overlay-gradient":""}},"ast-content-background-meta":{"desktop":{"background-color":"var(--ast-global-color-5)","background-image":"","background-repeat":"repeat","background-position":"center center","background-size":"auto","background-attachment":"scroll","background-type":"","background-media":"","overlay-type":"","overlay-color":"","overlay-opacity":"","overlay-gradient":""},"tablet":{"background-color":"var(--ast-global-color-5)","background-image":"","background-repeat":"repeat","background-position":"center center","background-size":"auto","background-attachment":"scroll","background-type":"","background-media":"","overlay-type":"","overlay-color":"","overlay-opacity":"","overlay-gradient":""},"mobile":{"background-color":"var(--ast-global-color-5)","background-image":"","background-repeat":"repeat","background-position":"center center","background-size":"auto","background-attachment":"scroll","background-type":"","background-media":"","overlay-type":"","overlay-color":"","overlay-opacity":"","overlay-gradient":""}},"footnotes":""},"class_list":["post-1587","page","type-page","status-publish","hentry"],"_links":{"self":[{"href":"https:\/\/greenscape-project.eu\/es\/wp-json\/wp\/v2\/pages\/1587","targetHints":{"allow":["GET"]}}],"collection":[{"href":"https:\/\/greenscape-project.eu\/es\/wp-json\/wp\/v2\/pages"}],"about":[{"href":"https:\/\/greenscape-project.eu\/es\/wp-json\/wp\/v2\/types\/page"}],"author":[{"embeddable":true,"href":"https:\/\/greenscape-project.eu\/es\/wp-json\/wp\/v2\/users\/2"}],"replies":[{"embeddable":true,"href":"https:\/\/greenscape-project.eu\/es\/wp-json\/wp\/v2\/comments?post=1587"}],"version-history":[{"count":91,"href":"https:\/\/greenscape-project.eu\/es\/wp-json\/wp\/v2\/pages\/1587\/revisions"}],"predecessor-version":[{"id":3161,"href":"https:\/\/greenscape-project.eu\/es\/wp-json\/wp\/v2\/pages\/1587\/revisions\/3161"}],"wp:attachment":[{"href":"https:\/\/greenscape-project.eu\/es\/wp-json\/wp\/v2\/media?parent=1587"}],"curies":[{"name":"wp","href":"https:\/\/api.w.org\/{rel}","templated":true}]}}