{"id":543,"date":"2025-01-16T10:36:12","date_gmt":"2025-01-16T10:36:12","guid":{"rendered":"https:\/\/greenscape-project.eu\/projects\/"},"modified":"2026-03-20T14:37:03","modified_gmt":"2026-03-20T14:37:03","slug":"activities","status":"publish","type":"page","link":"https:\/\/greenscape-project.eu\/cs\/activities\/","title":{"rendered":"Aktivity projektu"},"content":{"rendered":"<div data-elementor-type=\"wp-post\" data-elementor-id=\"543\" class=\"elementor elementor-543\">\n\t\t\t\t<div class=\"elementor-element elementor-element-36e4911 e-flex e-con-boxed e-con e-parent\" data-id=\"36e4911\" data-element_type=\"container\" data-e-type=\"container\" data-settings=\"{&quot;background_background&quot;:&quot;classic&quot;}\">\n\t\t\t\t\t<div class=\"e-con-inner\">\n\t\t<div class=\"elementor-element elementor-element-8d332cf e-con-full e-flex e-con e-child\" data-id=\"8d332cf\" data-element_type=\"container\" data-e-type=\"container\">\n\t\t\t\t<div class=\"elementor-element elementor-element-4bf79de elementor-widget elementor-widget-heading\" data-id=\"4bf79de\" data-element_type=\"widget\" data-e-type=\"widget\" data-widget_type=\"heading.default\">\n\t\t\t\t<div class=\"elementor-widget-container\">\n\t\t\t\t\t<h1 class=\"elementor-heading-title elementor-size-default\">Aktivity projektu\n<\/h1>\t\t\t\t<\/div>\n\t\t\t\t<\/div>\n\t\t\t\t<\/div>\n\t\t\t\t\t<\/div>\n\t\t\t\t<\/div>\n\t\t<div class=\"elementor-element elementor-element-9a74a05 e-flex e-con-boxed e-con e-parent\" data-id=\"9a74a05\" data-element_type=\"container\" data-e-type=\"container\" data-settings=\"{&quot;background_background&quot;:&quot;classic&quot;}\">\n\t\t\t\t\t<div class=\"e-con-inner\">\n\t\t\t\t<div class=\"elementor-element elementor-element-6590aaa elementor-widget elementor-widget-spacer\" data-id=\"6590aaa\" data-element_type=\"widget\" data-e-type=\"widget\" data-widget_type=\"spacer.default\">\n\t\t\t\t<div class=\"elementor-widget-container\">\n\t\t\t\t\t\t\t<div class=\"elementor-spacer\">\n\t\t\t<div class=\"elementor-spacer-inner\"><\/div>\n\t\t<\/div>\n\t\t\t\t\t\t<\/div>\n\t\t\t\t<\/div>\n\t\t\t\t\t<\/div>\n\t\t\t\t<\/div>\n\t\t<div class=\"elementor-element elementor-element-62eccd8 e-flex e-con-boxed e-con e-parent\" data-id=\"62eccd8\" data-element_type=\"container\" data-e-type=\"container\" data-settings=\"{&quot;background_background&quot;:&quot;classic&quot;}\">\n\t\t\t\t\t<div class=\"e-con-inner\">\n\t\t<div class=\"elementor-element elementor-element-efc2d20 e-con-full e-flex e-con e-child\" data-id=\"efc2d20\" data-element_type=\"container\" data-e-type=\"container\">\n\t\t\t\t<div class=\"elementor-element elementor-element-9cf6852 elementor-widget elementor-widget-heading\" data-id=\"9cf6852\" data-element_type=\"widget\" data-e-type=\"widget\" data-widget_type=\"heading.default\">\n\t\t\t\t<div class=\"elementor-widget-container\">\n\t\t\t\t\t<h2 class=\"elementor-heading-title elementor-size-default\">Aktivity projektu<\/h2>\t\t\t\t<\/div>\n\t\t\t\t<\/div>\n\t\t\t\t<div class=\"elementor-element elementor-element-f27d385 elementor-widget elementor-widget-text-editor\" data-id=\"f27d385\" data-element_type=\"widget\" data-e-type=\"widget\" data-widget_type=\"text-editor.default\">\n\t\t\t\t<div class=\"elementor-widget-container\">\n\t\t\t\t\t\t\t\t\t<p><span style=\"font-style: inherit; text-align: var(--text-align);\">Aktivity projektu GreenScape jsou navr\u017eeny tak, aby inovativn\u00edmi zp\u016fsoby zapojily ml\u00e1de\u017e\ndo t\u00e9mat udr\u017eitelnosti, klimatick\u00e9 spravedlnosti a ob\u010dansk\u00e9 anga\u017eovanosti:<\/span><\/p><ol><li>\u00davodn\u00ed tematick\u00e9 sezen\u00ed: \u00davodn\u00ed setk\u00e1n\u00ed nast\u00edn\u00ed c\u00edle projektu a vazby na C\u00edl\nml\u00e1de\u017ee \u010d. 10 (Udr\u017eiteln\u00e1 zelen\u00e1 Evropa) a polo\u017e\u00ed z\u00e1klady pro n\u00e1sledn\u00e9 aktivity.<\/li><li>Metodick\u00fd r\u00e1mec \u00fanikov\u00e9 m\u00edstnosti: Tento r\u00e1mec vych\u00e1z\u00ed z C\u00edle ml\u00e1de\u017ee \u010d. 10 a\nstrukturuje vzd\u011bl\u00e1vac\u00ed zku\u0161enost, p\u0159i\u010dem\u017e integruje t\u00e9mata ob\u010dansk\u00e9 participace a\nenvironment\u00e1ln\u00ed odpov\u011bdnosti.<\/li><li>Vzd\u011bl\u00e1vac\u00ed obsah o rozhodovac\u00edch procesech v EU: V\u00fdvoj obsahu, kter\u00fd\n\u00fa\u010dastn\u00edky sezn\u00e1m\u00ed s procesy v instituc\u00edch EU a zv\u00fd\u0161\u00ed jejich politickou gramotnost.<\/li><li>\u00danikov\u00e1 m\u00edstnost GreenScape: Tato \u00fanikov\u00e1 m\u00edstnost pln\u00e1 h\u00e1danek nab\u00edz\u00ed\npraktick\u00e9 zku\u0161enosti t\u00fdkaj\u00edc\u00ed se ob\u010dansk\u00e9 anga\u017eovanosti a rozhodovac\u00edch proces\u016f v\nEU.<\/li><li>Ml\u00e1de\u017enick\u00e1 debata o klimatick\u00e9 spravedlnosti: F\u00f3rum pro ml\u00e1de\u017e, na kter\u00e9m\nmohou diskutovat o sv\u00e9 roli v oblasti klimatick\u00e9 spravedlnosti, zvy\u0161ovat pov\u011bdom\u00ed a\ndovednosti v oblasti prosazov\u00e1n\u00ed ekologick\u00fdch opat\u0159en\u00ed.<\/li><li>Simulace rozhodovac\u00edho procesu v EU: Simula\u010dn\u00ed aktivita v re\u00e1ln\u00e9m \u010dase, p\u0159i n\u00ed\u017e\nsi \u00fa\u010dastn\u00edci zahraj\u00ed role v rozhodovac\u00edch org\u00e1nech EU a na vlastn\u00ed k\u016f\u017ei si vyzkou\u0161\u00ed\nslo\u017eitost utv\u00e1\u0159en\u00ed politik.<\/li><li>Inovativn\u00ed postupy v oblasti zapojen\u00ed ml\u00e1de\u017ee: P\u0159edstaven\u00ed \u00fasp\u011b\u0161n\u00fdch strategi\u00ed\nzapojen\u00ed ml\u00e1de\u017ee do udr\u017eiteln\u00e9ho rozvoje, podpora osv\u011bd\u010den\u00fdch postup\u016f a inspirace\npro dal\u0161\u00ed zapojen\u00ed do problematiky \u017eivotn\u00edho prost\u0159ed\u00ed.<\/li><\/ol><p>\u00a0<\/p>\t\t\t\t\t\t\t\t<\/div>\n\t\t\t\t<\/div>\n\t\t\t\t<div class=\"elementor-element elementor-element-060bba8 elementor-widget elementor-widget-button\" data-id=\"060bba8\" data-element_type=\"widget\" data-e-type=\"widget\" data-widget_type=\"button.default\">\n\t\t\t\t<div class=\"elementor-widget-container\">\n\t\t\t\t\t\t\t\t\t<div class=\"elementor-button-wrapper\">\n\t\t\t\t\t<a class=\"elementor-button elementor-button-link elementor-size-sm\" href=\"https:\/\/greenscape-project.eu\/cs\/guide-game\/\">\n\t\t\t\t\t\t<span class=\"elementor-button-content-wrapper\">\n\t\t\t\t\t\t\t\t\t<span class=\"elementor-button-text\">HERN\u00cd P\u0158\u00cdRU\u010cKA<\/span>\n\t\t\t\t\t<\/span>\n\t\t\t\t\t<\/a>\n\t\t\t\t<\/div>\n\t\t\t\t\t\t\t\t<\/div>\n\t\t\t\t<\/div>\n\t\t\t\t<div class=\"elementor-element elementor-element-f6f71df elementor-widget elementor-widget-button\" data-id=\"f6f71df\" data-element_type=\"widget\" data-e-type=\"widget\" data-widget_type=\"button.default\">\n\t\t\t\t<div class=\"elementor-widget-container\">\n\t\t\t\t\t\t\t\t\t<div class=\"elementor-button-wrapper\">\n\t\t\t\t\t<a class=\"elementor-button elementor-button-link elementor-size-sm\" href=\"https:\/\/greenscape-dhesaqbsbeh4hken.westeurope-01.azurewebsites.net\/\">\n\t\t\t\t\t\t<span class=\"elementor-button-content-wrapper\">\n\t\t\t\t\t\t\t\t\t<span class=\"elementor-button-text\">HR\u00c1T HRU <\/span>\n\t\t\t\t\t<\/span>\n\t\t\t\t\t<\/a>\n\t\t\t\t<\/div>\n\t\t\t\t\t\t\t\t<\/div>\n\t\t\t\t<\/div>\n\t\t\t\t<\/div>\n\t\t\t\t\t<\/div>\n\t\t\t\t<\/div>\n\t\t<div class=\"elementor-element elementor-element-1f10f4b e-flex e-con-boxed e-con e-parent\" data-id=\"1f10f4b\" data-element_type=\"container\" data-e-type=\"container\" data-settings=\"{&quot;background_background&quot;:&quot;classic&quot;}\">\n\t\t\t\t\t<div class=\"e-con-inner\">\n\t\t\t\t<div class=\"elementor-element elementor-element-f75acd7 elementor-widget elementor-widget-spacer\" data-id=\"f75acd7\" data-element_type=\"widget\" data-e-type=\"widget\" data-widget_type=\"spacer.default\">\n\t\t\t\t<div class=\"elementor-widget-container\">\n\t\t\t\t\t\t\t<div class=\"elementor-spacer\">\n\t\t\t<div class=\"elementor-spacer-inner\"><\/div>\n\t\t<\/div>\n\t\t\t\t\t\t<\/div>\n\t\t\t\t<\/div>\n\t\t\t\t<div class=\"elementor-element elementor-element-8948884 elementor-widget elementor-widget-image\" data-id=\"8948884\" data-element_type=\"widget\" data-e-type=\"widget\" data-widget_type=\"image.default\">\n\t\t\t\t<div class=\"elementor-widget-container\">\n\t\t\t\t\t\t\t\t\t\t\t\t\t\t\t<img decoding=\"async\" src=\"https:\/\/greenscape-project.eu\/wp-content\/uploads\/2025\/07\/Image_28-5-25_at_4.39_PM-removebg-preview-1.jpg\" title=\"Image_28-5-25_at_4.39_PM-removebg-preview (1)\" alt=\"Image_28-5-25_at_4.39_PM-removebg-preview (1)\" loading=\"lazy\" \/>\t\t\t\t\t\t\t\t\t\t\t\t\t\t\t<\/div>\n\t\t\t\t<\/div>\n\t\t\t\t\t<\/div>\n\t\t\t\t<\/div>\n\t\t<div class=\"elementor-element elementor-element-eb5f144 e-flex e-con-boxed e-con e-parent\" data-id=\"eb5f144\" data-element_type=\"container\" data-e-type=\"container\" data-settings=\"{&quot;background_background&quot;:&quot;classic&quot;}\">\n\t\t\t\t\t<div class=\"e-con-inner\">\n\t\t\t\t<div class=\"elementor-element elementor-element-a06ebea elementor-widget elementor-widget-spacer\" data-id=\"a06ebea\" data-element_type=\"widget\" data-e-type=\"widget\" data-widget_type=\"spacer.default\">\n\t\t\t\t<div class=\"elementor-widget-container\">\n\t\t\t\t\t\t\t<div class=\"elementor-spacer\">\n\t\t\t<div class=\"elementor-spacer-inner\"><\/div>\n\t\t<\/div>\n\t\t\t\t\t\t<\/div>\n\t\t\t\t<\/div>\n\t\t\t\t\t<\/div>\n\t\t\t\t<\/div>\n\t\t\t\t<\/div>","protected":false},"excerpt":{"rendered":"<p>Project\u2019s Activities Project&#8217;s Activities The activities of the GreenScape project are designed to engage youth in sustainability, climate justice, and civic engagement in innovative ways: Focus Session: An introductory session outlines the project\u2019s goals and links to Youth Goal #10, laying the foundation for subsequent activities. Escape Room Methodological Framework: This framework is grounded in [&hellip;]<\/p>\n","protected":false},"author":2,"featured_media":0,"parent":0,"menu_order":0,"comment_status":"closed","ping_status":"closed","template":"","meta":{"site-sidebar-layout":"no-sidebar","site-content-layout":"page-builder","ast-site-content-layout":"full-width-container","site-content-style":"unboxed","site-sidebar-style":"unboxed","ast-global-header-display":"","ast-banner-title-visibility":"","ast-main-header-display":"","ast-hfb-above-header-display":"","ast-hfb-below-header-display":"","ast-hfb-mobile-header-display":"","site-post-title":"disabled","ast-breadcrumbs-content":"","ast-featured-img":"disabled","footer-sml-layout":"","ast-disable-related-posts":"","theme-transparent-header-meta":"enabled","adv-header-id-meta":"","stick-header-meta":"","header-above-stick-meta":"","header-main-stick-meta":"","header-below-stick-meta":"","astra-migrate-meta-layouts":"set","ast-page-background-enabled":"default","ast-page-background-meta":{"desktop":{"background-color":"","background-image":"","background-repeat":"repeat","background-position":"center center","background-size":"auto","background-attachment":"scroll","background-type":"","background-media":"","overlay-type":"","overlay-color":"","overlay-opacity":"","overlay-gradient":""},"tablet":{"background-color":"","background-image":"","background-repeat":"repeat","background-position":"center center","background-size":"auto","background-attachment":"scroll","background-type":"","background-media":"","overlay-type":"","overlay-color":"","overlay-opacity":"","overlay-gradient":""},"mobile":{"background-color":"","background-image":"","background-repeat":"repeat","background-position":"center center","background-size":"auto","background-attachment":"scroll","background-type":"","background-media":"","overlay-type":"","overlay-color":"","overlay-opacity":"","overlay-gradient":""}},"ast-content-background-meta":{"desktop":{"background-color":"var(--ast-global-color-5)","background-image":"","background-repeat":"repeat","background-position":"center center","background-size":"auto","background-attachment":"scroll","background-type":"","background-media":"","overlay-type":"","overlay-color":"","overlay-opacity":"","overlay-gradient":""},"tablet":{"background-color":"var(--ast-global-color-5)","background-image":"","background-repeat":"repeat","background-position":"center center","background-size":"auto","background-attachment":"scroll","background-type":"","background-media":"","overlay-type":"","overlay-color":"","overlay-opacity":"","overlay-gradient":""},"mobile":{"background-color":"var(--ast-global-color-5)","background-image":"","background-repeat":"repeat","background-position":"center center","background-size":"auto","background-attachment":"scroll","background-type":"","background-media":"","overlay-type":"","overlay-color":"","overlay-opacity":"","overlay-gradient":""}},"footnotes":""},"class_list":["post-543","page","type-page","status-publish","hentry"],"_links":{"self":[{"href":"https:\/\/greenscape-project.eu\/cs\/wp-json\/wp\/v2\/pages\/543","targetHints":{"allow":["GET"]}}],"collection":[{"href":"https:\/\/greenscape-project.eu\/cs\/wp-json\/wp\/v2\/pages"}],"about":[{"href":"https:\/\/greenscape-project.eu\/cs\/wp-json\/wp\/v2\/types\/page"}],"author":[{"embeddable":true,"href":"https:\/\/greenscape-project.eu\/cs\/wp-json\/wp\/v2\/users\/2"}],"replies":[{"embeddable":true,"href":"https:\/\/greenscape-project.eu\/cs\/wp-json\/wp\/v2\/comments?post=543"}],"version-history":[{"count":106,"href":"https:\/\/greenscape-project.eu\/cs\/wp-json\/wp\/v2\/pages\/543\/revisions"}],"predecessor-version":[{"id":3679,"href":"https:\/\/greenscape-project.eu\/cs\/wp-json\/wp\/v2\/pages\/543\/revisions\/3679"}],"wp:attachment":[{"href":"https:\/\/greenscape-project.eu\/cs\/wp-json\/wp\/v2\/media?parent=543"}],"curies":[{"name":"wp","href":"https:\/\/api.w.org\/{rel}","templated":true}]}}